{"id":6,"date":"2021-01-13T16:29:55","date_gmt":"2021-01-13T16:29:55","guid":{"rendered":"https:\/\/smartmag.theme-sphere.com\/smart-life\/"},"modified":"2026-01-17T12:18:20","modified_gmt":"2026-01-17T09:18:20","slug":"homepage","status":"publish","type":"page","link":"https:\/\/backlinkdanismani.com\/icerik\/","title":{"rendered":"Anasayfa"},"content":{"rendered":"\t\t<div data-elementor-type=\"wp-page\" data-elementor-id=\"6\" class=\"elementor elementor-6\">\n\t\t\t\t\t\t<section class=\"has-el-gap el-gap-sm elementor-section elementor-top-section elementor-element elementor-element-52384a10 elementor-section-boxed elementor-section-height-default elementor-section-height-default\" data-id=\"52384a10\" data-element_type=\"section\">\n\t\t\t\t\t\t<div class=\"elementor-container elementor-column-gap-no\">\n\t\t\t\t\t<div class=\"elementor-column elementor-col-66 elementor-top-column elementor-element elementor-element-3fc753d8\" data-id=\"3fc753d8\" data-element_type=\"column\">\n\t\t\t<div class=\"elementor-widget-wrap elementor-element-populated\">\n\t\t\t\t\t\t<div class=\"elementor-element elementor-element-5841f77e elementor-widget elementor-widget-smartmag-grid\" data-id=\"5841f77e\" data-element_type=\"widget\" data-widget_type=\"smartmag-grid.default\">\n\t\t\t\t<div class=\"elementor-widget-container\">\n\t\t\t\t\t\t\t<section class=\"block-wrap block-grid block-sc mb-none has-media-shadows\" data-id=\"1\">\n\n\t\t\t\t\n\t\t\t<div class=\"block-content\">\n\t\t\t\t\t\n\t<div class=\"loop loop-grid loop-grid-stylish grid grid-1 md:grid-1 xs:grid-1\">\n\n\t\t\t\t\t\n<article class=\"l-post grid-post grid-stylish-post l-post-center\">\n\n\t\n\t\t\t<div class=\"media\">\n\n\t\t\n\t\t\t<a href=\"https:\/\/backlinkdanismani.com\/icerik\/abiye-dogum-gunu-mesaji\/\" class=\"image-link media-ratio ratio-is-custom\" title=\"Abiye Do\u011fum G\u00fcn\u00fc Mesaj\u0131 (K\u0131sa, Uzun, Anlaml\u0131, Duygusal)\"><img fetchpriority=\"high\" decoding=\"async\" width=\"686\" height=\"408\" src=\"https:\/\/backlinkdanismani.com\/icerik\/wp-content\/uploads\/2026\/04\/abiye-dogum-gunu-mesaji.webp\" class=\"attachment-large size-large wp-post-image\" alt=\"\" sizes=\"(max-width: 686px) 100vw, 686px\" title=\"Abiye Do\u011fum G\u00fcn\u00fc Mesaj\u0131 (K\u0131sa, Uzun, Anlaml\u0131, Duygusal)\" srcset=\"https:\/\/backlinkdanismani.com\/icerik\/wp-content\/uploads\/2026\/04\/abiye-dogum-gunu-mesaji.webp 672w, https:\/\/backlinkdanismani.com\/icerik\/wp-content\/uploads\/2026\/04\/abiye-dogum-gunu-mesaji-300x196.webp 300w, https:\/\/backlinkdanismani.com\/icerik\/wp-content\/uploads\/2026\/04\/abiye-dogum-gunu-mesaji-150x98.webp 150w, https:\/\/backlinkdanismani.com\/icerik\/wp-content\/uploads\/2026\/04\/abiye-dogum-gunu-mesaji-450x294.webp 450w\" \/><\/a>\t\t\t\n\t\t\t\n\t\t\t\n\t\t\t\n\t\t\n\t\t<\/div>\n\t\n\n\t\n\t\t<div class=\"content\">\n\n\t\t\t<div class=\"post-meta post-meta-a has-below\"><h3 class=\"is-title post-title\"><a href=\"https:\/\/backlinkdanismani.com\/icerik\/abiye-dogum-gunu-mesaji\/\">Abiye Do\u011fum G\u00fcn\u00fc Mesaj\u0131 (K\u0131sa, Uzun, Anlaml\u0131, Duygusal)<\/a><\/h3><div class=\"post-meta-items meta-below\"><span class=\"meta-item date\"><span class=\"date-link\"><time class=\"post-date\" datetime=\"2026-04-06T18:18:58+03:00\">6 Nisan 2026<\/time><\/span><\/span><\/div><\/div>\t\t\t\n\t\t\t\t\t\t\n\t\t\t\t<div class=\"excerpt\">\n\t\t\t\t\t<p>Abiye do\u011fum g\u00fcn\u00fc mesaj\u0131, sadece bir kutlama de\u011fil; ayn\u0131 zamanda karde\u015flik ba\u011f\u0131n\u0131, sayg\u0131y\u0131 ve sevgiyi&hellip;<\/p>\n\t\t\t\t<\/div>\n\t\t\t\n\t\t\t\n\t\t\t\n\t\t<\/div>\n\n\t\n<\/article>\t\t\n\t<\/div>\n\n\t\t\n\t\t\t<\/div>\n\n\t\t<\/section>\n\t\t\t\t\t\t<\/div>\n\t\t\t\t<\/div>\n\t\t\t\t\t<\/div>\n\t\t<\/div>\n\t\t\t\t<div class=\"elementor-column elementor-col-33 elementor-top-column elementor-element elementor-element-efb3c0c\" data-id=\"efb3c0c\" data-element_type=\"column\">\n\t\t\t<div class=\"elementor-widget-wrap elementor-element-populated\">\n\t\t\t\t\t\t<div class=\"elementor-element elementor-element-42e1d5d4 elementor-widget elementor-widget-smartmag-grid\" data-id=\"42e1d5d4\" data-element_type=\"widget\" data-widget_type=\"smartmag-grid.default\">\n\t\t\t\t<div class=\"elementor-widget-container\">\n\t\t\t\t\t\t\t<section class=\"block-wrap block-grid block-sc mb-none has-media-shadows\" data-id=\"2\">\n\n\t\t\t\t\n\t\t\t<div class=\"block-content\">\n\t\t\t\t\t\n\t<div class=\"loop loop-grid loop-grid-base grid grid-1 md:grid-2 xs:grid-1\">\n\n\t\t\t\t\t\n<article class=\"l-post grid-post grid-base-post l-post-center\">\n\n\t\n\t\t\t<div class=\"media\">\n\n\t\t\n\t\t\t<a href=\"https:\/\/backlinkdanismani.com\/icerik\/cekemeyenlere-sozler\/\" class=\"image-link media-ratio ratio-is-custom\" title=\"\u00c7ekemeyenlere S\u00f6zler (A\u011f\u0131r, Kapak, K\u0131sa, Haval\u0131)\"><img decoding=\"async\" width=\"322\" height=\"192\" src=\"https:\/\/backlinkdanismani.com\/icerik\/wp-content\/uploads\/2026\/01\/Paragraf-metniniz-18-450x294.jpg\" class=\"attachment-bunyad-medium size-bunyad-medium wp-post-image\" alt=\"\u00c7ekemeyenlere S\u00f6zler\" sizes=\"(max-width: 322px) 100vw, 322px\" title=\"\u00c7ekemeyenlere S\u00f6zler (A\u011f\u0131r, Kapak, K\u0131sa, Haval\u0131)\" srcset=\"https:\/\/backlinkdanismani.com\/icerik\/wp-content\/uploads\/2026\/01\/Paragraf-metniniz-18-450x294.jpg 450w, https:\/\/backlinkdanismani.com\/icerik\/wp-content\/uploads\/2026\/01\/Paragraf-metniniz-18-300x196.jpg 300w, https:\/\/backlinkdanismani.com\/icerik\/wp-content\/uploads\/2026\/01\/Paragraf-metniniz-18-150x98.jpg 150w, https:\/\/backlinkdanismani.com\/icerik\/wp-content\/uploads\/2026\/01\/Paragraf-metniniz-18.jpg 672w\" \/><\/a>\t\t\t\n\t\t\t\n\t\t\t\n\t\t\t\n\t\t\n\t\t<\/div>\n\t\n\n\t\n\t\t<div class=\"content\">\n\n\t\t\t<div class=\"post-meta post-meta-a\"><h3 class=\"is-title post-title\"><a href=\"https:\/\/backlinkdanismani.com\/icerik\/cekemeyenlere-sozler\/\">\u00c7ekemeyenlere S\u00f6zler (A\u011f\u0131r, Kapak, K\u0131sa, Haval\u0131)<\/a><\/h3><\/div>\t\t\t\n\t\t\t\n\t\t\t\n\t\t<\/div>\n\n\t\n<\/article>\t\t\t\t\t\n<article class=\"l-post grid-post grid-base-post l-post-center\">\n\n\t\n\t\t\t<div class=\"media\">\n\n\t\t\n\t\t\t<a href=\"https:\/\/backlinkdanismani.com\/icerik\/menfaat-sozleri\/\" class=\"image-link media-ratio ratio-is-custom\" title=\"Menfaat S\u00f6zleri (A\u011f\u0131r, K\u0131sa, Kapak, Ayetler)\"><img decoding=\"async\" width=\"322\" height=\"192\" src=\"https:\/\/backlinkdanismani.com\/icerik\/wp-content\/uploads\/2026\/01\/Paragraf-metniniz-17-450x294.jpg\" class=\"attachment-bunyad-medium size-bunyad-medium wp-post-image\" alt=\"Menfaat S\u00f6zleri\" sizes=\"(max-width: 322px) 100vw, 322px\" title=\"Menfaat S\u00f6zleri (A\u011f\u0131r, K\u0131sa, Kapak, Ayetler)\" srcset=\"https:\/\/backlinkdanismani.com\/icerik\/wp-content\/uploads\/2026\/01\/Paragraf-metniniz-17-450x294.jpg 450w, https:\/\/backlinkdanismani.com\/icerik\/wp-content\/uploads\/2026\/01\/Paragraf-metniniz-17-300x196.jpg 300w, https:\/\/backlinkdanismani.com\/icerik\/wp-content\/uploads\/2026\/01\/Paragraf-metniniz-17-150x98.jpg 150w, https:\/\/backlinkdanismani.com\/icerik\/wp-content\/uploads\/2026\/01\/Paragraf-metniniz-17.jpg 672w\" \/><\/a>\t\t\t\n\t\t\t\n\t\t\t\n\t\t\t\n\t\t\n\t\t<\/div>\n\t\n\n\t\n\t\t<div class=\"content\">\n\n\t\t\t<div class=\"post-meta post-meta-a\"><h3 class=\"is-title post-title\"><a href=\"https:\/\/backlinkdanismani.com\/icerik\/menfaat-sozleri\/\">Menfaat S\u00f6zleri (A\u011f\u0131r, K\u0131sa, Kapak, Ayetler)<\/a><\/h3><\/div>\t\t\t\n\t\t\t\n\t\t\t\n\t\t<\/div>\n\n\t\n<\/article>\t\t\n\t<\/div>\n\n\t\t\n\t\t\t<\/div>\n\n\t\t<\/section>\n\t\t\t\t\t\t<\/div>\n\t\t\t\t<\/div>\n\t\t\t\t\t<\/div>\n\t\t<\/div>\n\t\t\t\t\t<\/div>\n\t\t<\/section>\n\t\t\t\t<section class=\"has-el-gap el-gap-lg elementor-section elementor-top-section elementor-element elementor-element-38a7e7cf elementor-section-boxed elementor-section-height-default elementor-section-height-default\" data-id=\"38a7e7cf\" data-element_type=\"section\">\n\t\t\t\t\t\t<div class=\"elementor-container elementor-column-gap-no\">\n\t\t\t\t\t<div class=\"elementor-column elementor-col-50 elementor-top-column elementor-element elementor-element-6466400c\" data-id=\"6466400c\" data-element_type=\"column\">\n\t\t\t<div class=\"elementor-widget-wrap elementor-element-populated\">\n\t\t\t\t\t\t<div class=\"elementor-element elementor-element-1e432bbf elementor-widget elementor-widget-smartmag-postslist\" data-id=\"1e432bbf\" data-element_type=\"widget\" data-widget_type=\"smartmag-postslist.default\">\n\t\t\t\t<div class=\"elementor-widget-container\">\n\t\t\t\t\t\t\t<section class=\"block-wrap block-posts-list block-sc mb-none has-media-shadows\" data-id=\"3\">\n\n\t\t\t\t\t\t\t\t\n\t\t\t\t\t\t\t\n\t\t\t\t<div class=\"block-head block-head-ac block-head-c is-left\">\n\n\t\t\t\t\t<h2 class=\"heading\">Hayat &amp; \u0130li\u015fkiler<\/h2>\t\t\t\t\t\n\t\t\t\t\t\t\t\t\t<\/div>\n\t\t\t\t\n\t\t\t\n\t\t\t\n\t\t\t<div class=\"block-content\">\n\t\t\t\t\t\n\t<div class=\"loop loop-list loop-sep loop-list-sep grid grid-1 md:grid-1 sm:grid-1\">\n\n\t\t\t\t\n\t\t\t\n<article class=\"l-post list-post list-post-on-sm m-pos-left\">\n\n\t\n\t\t\t<div class=\"media\">\n\n\t\t\n\t\t\t<a href=\"https:\/\/backlinkdanismani.com\/icerik\/cekemeyenlere-sozler\/\" class=\"image-link media-ratio ratio-16-9\" title=\"\u00c7ekemeyenlere S\u00f6zler (A\u011f\u0131r, Kapak, K\u0131sa, Haval\u0131)\"><img loading=\"lazy\" decoding=\"async\" width=\"290\" height=\"163\" src=\"https:\/\/backlinkdanismani.com\/icerik\/wp-content\/uploads\/2026\/01\/Paragraf-metniniz-18-300x196.jpg\" class=\"attachment-medium size-medium wp-post-image\" alt=\"\u00c7ekemeyenlere S\u00f6zler\" sizes=\"(max-width: 290px) 100vw, 290px\" title=\"\u00c7ekemeyenlere S\u00f6zler (A\u011f\u0131r, Kapak, K\u0131sa, Haval\u0131)\" srcset=\"https:\/\/backlinkdanismani.com\/icerik\/wp-content\/uploads\/2026\/01\/Paragraf-metniniz-18-300x196.jpg 300w, https:\/\/backlinkdanismani.com\/icerik\/wp-content\/uploads\/2026\/01\/Paragraf-metniniz-18-450x294.jpg 450w, https:\/\/backlinkdanismani.com\/icerik\/wp-content\/uploads\/2026\/01\/Paragraf-metniniz-18.jpg 672w\" \/><\/a>\t\t\t\n\t\t\t\n\t\t\t\n\t\t\t\n\t\t\n\t\t<\/div>\n\t\n\n\t\n\t\t<div class=\"content\">\n\n\t\t\t<div class=\"post-meta post-meta-a has-below\"><h3 class=\"is-title post-title\"><a href=\"https:\/\/backlinkdanismani.com\/icerik\/cekemeyenlere-sozler\/\">\u00c7ekemeyenlere S\u00f6zler (A\u011f\u0131r, Kapak, K\u0131sa, Haval\u0131)<\/a><\/h3><div class=\"post-meta-items meta-below\"><span class=\"meta-item date\"><span class=\"date-link\"><time class=\"post-date\" datetime=\"2026-01-17T12:36:32+03:00\">17 Ocak 2026<\/time><\/span><\/span><\/div><\/div>\t\t\t\n\t\t\t\t\t\t\n\t\t\t\t<div class=\"excerpt\">\n\t\t\t\t\t<p>\u00c7ekemeyenlere s\u00f6zler; kendini savunmak i\u00e7in de\u011fil, seviyeni g\u00f6stermek i\u00e7indir. En etkili c\u00fcmleler&hellip;<\/p>\n\t\t\t\t<\/div>\n\t\t\t\n\t\t\t\n\t\t\t\n\t\t<\/div>\n\n\t\n<\/article>\n\t\t\t\t\n\t\t\t\n<article class=\"l-post list-post list-post-on-sm m-pos-left\">\n\n\t\n\t\t\t<div class=\"media\">\n\n\t\t\n\t\t\t<a href=\"https:\/\/backlinkdanismani.com\/icerik\/menfaat-sozleri\/\" class=\"image-link media-ratio ratio-16-9\" title=\"Menfaat S\u00f6zleri (A\u011f\u0131r, K\u0131sa, Kapak, Ayetler)\"><img loading=\"lazy\" decoding=\"async\" width=\"290\" height=\"163\" src=\"https:\/\/backlinkdanismani.com\/icerik\/wp-content\/uploads\/2026\/01\/Paragraf-metniniz-17-300x196.jpg\" class=\"attachment-medium size-medium wp-post-image\" alt=\"Menfaat S\u00f6zleri\" sizes=\"(max-width: 290px) 100vw, 290px\" title=\"Menfaat S\u00f6zleri (A\u011f\u0131r, K\u0131sa, Kapak, Ayetler)\" srcset=\"https:\/\/backlinkdanismani.com\/icerik\/wp-content\/uploads\/2026\/01\/Paragraf-metniniz-17-300x196.jpg 300w, https:\/\/backlinkdanismani.com\/icerik\/wp-content\/uploads\/2026\/01\/Paragraf-metniniz-17-450x294.jpg 450w, https:\/\/backlinkdanismani.com\/icerik\/wp-content\/uploads\/2026\/01\/Paragraf-metniniz-17.jpg 672w\" \/><\/a>\t\t\t\n\t\t\t\n\t\t\t\n\t\t\t\n\t\t\n\t\t<\/div>\n\t\n\n\t\n\t\t<div class=\"content\">\n\n\t\t\t<div class=\"post-meta post-meta-a has-below\"><h3 class=\"is-title post-title\"><a href=\"https:\/\/backlinkdanismani.com\/icerik\/menfaat-sozleri\/\">Menfaat S\u00f6zleri (A\u011f\u0131r, K\u0131sa, Kapak, Ayetler)<\/a><\/h3><div class=\"post-meta-items meta-below\"><span class=\"meta-item date\"><span class=\"date-link\"><time class=\"post-date\" datetime=\"2026-01-17T12:29:31+03:00\">17 Ocak 2026<\/time><\/span><\/span><\/div><\/div>\t\t\t\n\t\t\t\t\t\t\n\t\t\t\t<div class=\"excerpt\">\n\t\t\t\t\t<p>Menfaat s\u00f6zleri; ba\u011f\u0131rmak i\u00e7in de\u011fil ay\u0131rt etmek i\u00e7indir. En etkili c\u00fcmleler sald\u0131rmaz;&hellip;<\/p>\n\t\t\t\t<\/div>\n\t\t\t\n\t\t\t\n\t\t\t\n\t\t<\/div>\n\n\t\n<\/article>\n\t\t\t\t\n\t\t\t\n<article class=\"l-post list-post list-post-on-sm m-pos-left\">\n\n\t\n\t\t\t<div class=\"media\">\n\n\t\t\n\t\t\t<a href=\"https:\/\/backlinkdanismani.com\/icerik\/iki-yuzlu-insanlara-sozler\/\" class=\"image-link media-ratio ratio-16-9\" title=\"\u0130ki Y\u00fczl\u00fc \u0130nsanlara S\u00f6zler (A\u011f\u0131r, Kapak, K\u0131sa)\"><img loading=\"lazy\" decoding=\"async\" width=\"290\" height=\"163\" src=\"https:\/\/backlinkdanismani.com\/icerik\/wp-content\/uploads\/2026\/01\/Paragraf-metniniz-16-300x196.jpg\" class=\"attachment-medium size-medium wp-post-image\" alt=\"\u0130ki Y\u00fczl\u00fc \u0130nsanlara S\u00f6zler\" sizes=\"(max-width: 290px) 100vw, 290px\" title=\"\u0130ki Y\u00fczl\u00fc \u0130nsanlara S\u00f6zler (A\u011f\u0131r, Kapak, K\u0131sa)\" srcset=\"https:\/\/backlinkdanismani.com\/icerik\/wp-content\/uploads\/2026\/01\/Paragraf-metniniz-16-300x196.jpg 300w, https:\/\/backlinkdanismani.com\/icerik\/wp-content\/uploads\/2026\/01\/Paragraf-metniniz-16-450x294.jpg 450w, https:\/\/backlinkdanismani.com\/icerik\/wp-content\/uploads\/2026\/01\/Paragraf-metniniz-16.jpg 672w\" \/><\/a>\t\t\t\n\t\t\t\n\t\t\t\n\t\t\t\n\t\t\n\t\t<\/div>\n\t\n\n\t\n\t\t<div class=\"content\">\n\n\t\t\t<div class=\"post-meta post-meta-a has-below\"><h3 class=\"is-title post-title\"><a href=\"https:\/\/backlinkdanismani.com\/icerik\/iki-yuzlu-insanlara-sozler\/\">\u0130ki Y\u00fczl\u00fc \u0130nsanlara S\u00f6zler (A\u011f\u0131r, Kapak, K\u0131sa)<\/a><\/h3><div class=\"post-meta-items meta-below\"><span class=\"meta-item date\"><span class=\"date-link\"><time class=\"post-date\" datetime=\"2026-01-17T12:25:15+03:00\">17 Ocak 2026<\/time><\/span><\/span><\/div><\/div>\t\t\t\n\t\t\t\t\t\t\n\t\t\t\t<div class=\"excerpt\">\n\t\t\t\t\t<p>\u0130ki y\u00fczl\u00fc insanlara s\u00f6zler, ba\u011f\u0131rmak i\u00e7in de\u011fil ay\u0131rt etmek ve mesafe koymak&hellip;<\/p>\n\t\t\t\t<\/div>\n\t\t\t\n\t\t\t\n\t\t\t\n\t\t<\/div>\n\n\t\n<\/article>\n\t\t\n\t<\/div>\n\n\t\t\t\t\t<\/div>\n\n\t\t<\/section>\n\t\t\t\t\t\t<\/div>\n\t\t\t\t<\/div>\n\t\t\t\t\t<\/div>\n\t\t<\/div>\n\t\t\t\t<div class=\"elementor-column elementor-col-50 elementor-top-column elementor-element elementor-element-492fb5cd el-col-sep\" data-id=\"492fb5cd\" data-element_type=\"column\">\n\t\t\t<div class=\"elementor-widget-wrap elementor-element-populated\">\n\t\t\t\t\t\t<div class=\"elementor-element elementor-element-413259b5 elementor-widget elementor-widget-smartmag-highlights\" data-id=\"413259b5\" data-element_type=\"widget\" data-widget_type=\"smartmag-highlights.default\">\n\t\t\t\t<div class=\"elementor-widget-container\">\n\t\t\t\t\t\t\t<section class=\"block-wrap block-highlights block-sc mb-none has-media-shadows\" data-id=\"4\" data-is-mixed=\"1\">\n\n\t\t\t\t\t\t\t\t\n\t\t\t\t\t\t\t\n\t\t\t\t<div class=\"block-head block-head-ac block-head-c is-left\">\n\n\t\t\t\t\t<h2 class=\"heading\">Teknoloji<\/h2>\t\t\t\t\t\n\t\t\t\t\t\t\t\t\t<\/div>\n\t\t\t\t\n\t\t\t\n\t\t\t\n\t\t\t<div class=\"block-content\">\n\t\t\t\t\t\n\t<div class=\"loops-mixed\">\n\t\t\t\n\t<div class=\"loop loop-grid loop-grid-base grid grid-1 md:grid-1 xs:grid-1\">\n\n\t\t\t\t\t\n<article class=\"l-post grid-post grid-base-post l-post-center\">\n\n\t\n\t\t\t<div class=\"media\">\n\n\t\t\n\t\t\t<a href=\"https:\/\/backlinkdanismani.com\/icerik\/kod-yazma-programi\/\" class=\"image-link media-ratio ratio-is-custom\" title=\"5 Farkl\u0131 Kod Yazma Program\u0131 (Yapay Zeka Destekli)\"><img loading=\"lazy\" decoding=\"async\" width=\"519\" height=\"309\" src=\"https:\/\/backlinkdanismani.com\/icerik\/wp-content\/uploads\/2025\/02\/Youtube-Screaming-Frog-Egitim-Serisi-kopyasi-3-768x628.jpg\" class=\"attachment-bunyad-768 size-bunyad-768 wp-post-image\" alt=\"\" sizes=\"(max-width: 519px) 100vw, 519px\" title=\"5 Farkl\u0131 Kod Yazma Program\u0131 (Yapay Zeka Destekli)\" srcset=\"https:\/\/backlinkdanismani.com\/icerik\/wp-content\/uploads\/2025\/02\/Youtube-Screaming-Frog-Egitim-Serisi-kopyasi-3-768x628.jpg 768w, https:\/\/backlinkdanismani.com\/icerik\/wp-content\/uploads\/2025\/02\/Youtube-Screaming-Frog-Egitim-Serisi-kopyasi-3-1024x838.jpg 1024w, https:\/\/backlinkdanismani.com\/icerik\/wp-content\/uploads\/2025\/02\/Youtube-Screaming-Frog-Egitim-Serisi-kopyasi-3-450x368.jpg 450w, https:\/\/backlinkdanismani.com\/icerik\/wp-content\/uploads\/2025\/02\/Youtube-Screaming-Frog-Egitim-Serisi-kopyasi-3-1200x982.jpg 1200w, https:\/\/backlinkdanismani.com\/icerik\/wp-content\/uploads\/2025\/02\/Youtube-Screaming-Frog-Egitim-Serisi-kopyasi-3.jpg 1320w\" \/><\/a>\t\t\t\n\t\t\t\n\t\t\t\n\t\t\t\n\t\t\n\t\t<\/div>\n\t\n\n\t\n\t\t<div class=\"content\">\n\n\t\t\t<div class=\"post-meta post-meta-a has-below\"><h3 class=\"is-title post-title\"><a href=\"https:\/\/backlinkdanismani.com\/icerik\/kod-yazma-programi\/\">5 Farkl\u0131 Kod Yazma Program\u0131 (Yapay Zeka Destekli)<\/a><\/h3><div class=\"post-meta-items meta-below\"><span class=\"meta-item date\"><span class=\"date-link\"><time class=\"post-date\" datetime=\"2025-02-11T21:07:46+03:00\">11 \u015eubat 2025<\/time><\/span><\/span><\/div><\/div>\t\t\t\n\t\t\t\t\t\t\n\t\t\t\t<div class=\"excerpt\">\n\t\t\t\t\t<p>Kod yazma program\u0131 sayesinde yaz\u0131l\u0131m geli\u015ftirme i\u015flemlerimizi daha d\u00fczenli halde tutabilir ve istenilen verimi olu\u015fturabilirsiniz. Bir yandan da kod yazma programlar\u0131n\u0131n yapay zeka deste\u011fine sahip olmas\u0131 ortaya \u00e7\u0131kabilecek olan verimi&hellip;<\/p>\n\t\t\t\t<\/div>\n\t\t\t\n\t\t\t\n\t\t\t\n\t\t<\/div>\n\n\t\n<\/article>\t\t\n\t<\/div>\n\n\t\t\n\n\t<div class=\"loop loop-small loop-small-a grid grid-1 md:grid-1 sm:grid-1 xs:grid-1\">\n\n\t\t\n\t<\/div>\n\n\t\t\t<\/div>\n\n\n\t\t\t\t<\/div>\n\n\t\t<\/section>\n\t\t\t\t\t\t<\/div>\n\t\t\t\t<\/div>\n\t\t\t\t\t<\/div>\n\t\t<\/div>\n\t\t\t\t\t<\/div>\n\t\t<\/section>\n\t\t\t\t<\/div>\n\t\t","protected":false},"excerpt":{"rendered":"<p>K\u0131z Karde\u015fi Rehbere Kaydetme \u0130simleri (Komik, \u0130ngilizce, Komik, Uzun) 16 Ocak 2026 K\u0131z karde\u015fi rehbere kaydetme isimleri; kan ba\u011f\u0131 + dostluk + tatl\u0131 at\u0131\u015fma dengesini ta\u015f\u0131r. G\u00fcncel&hellip; Kocay\u0131 Rehbere Kaydetme \u0130simleri (Komik, Anlaml\u0131, \u0130ngilizce, Dini) A\u015f\u0131k Edici S\u00f6zler (K\u0131sa, Uzun, Romantik) Hayat &amp; \u0130li\u015fkiler Kocay\u0131 Rehbere Kaydetme \u0130simleri (Komik, Anlaml\u0131, \u0130ngilizce, Dini) 16 Ocak 2026<\/p>\n","protected":false},"author":1,"featured_media":0,"parent":0,"menu_order":0,"comment_status":"closed","ping_status":"closed","template":"page-templates\/no-wrapper.php","meta":{"footnotes":""},"class_list":["post-6","page","type-page","status-publish"],"_links":{"self":[{"href":"https:\/\/backlinkdanismani.com\/icerik\/wp-json\/wp\/v2\/pages\/6","targetHints":{"allow":["GET"]}}],"collection":[{"href":"https:\/\/backlinkdanismani.com\/icerik\/wp-json\/wp\/v2\/pages"}],"about":[{"href":"https:\/\/backlinkdanismani.com\/icerik\/wp-json\/wp\/v2\/types\/page"}],"author":[{"embeddable":true,"href":"https:\/\/backlinkdanismani.com\/icerik\/wp-json\/wp\/v2\/users\/1"}],"replies":[{"embeddable":true,"href":"https:\/\/backlinkdanismani.com\/icerik\/wp-json\/wp\/v2\/comments?post=6"}],"version-history":[{"count":3,"href":"https:\/\/backlinkdanismani.com\/icerik\/wp-json\/wp\/v2\/pages\/6\/revisions"}],"predecessor-version":[{"id":8169,"href":"https:\/\/backlinkdanismani.com\/icerik\/wp-json\/wp\/v2\/pages\/6\/revisions\/8169"}],"wp:attachment":[{"href":"https:\/\/backlinkdanismani.com\/icerik\/wp-json\/wp\/v2\/media?parent=6"}],"curies":[{"name":"wp","href":"https:\/\/api.w.org\/{rel}","templated":true}]}}