{"id":17,"date":"2024-11-26T16:39:17","date_gmt":"2024-11-26T13:39:17","guid":{"rendered":"https:\/\/backlinkdanismani.com\/icerik\/?page_id=17"},"modified":"2024-11-26T16:40:14","modified_gmt":"2024-11-26T13:40:14","slug":"iletisim","status":"publish","type":"page","link":"https:\/\/backlinkdanismani.com\/icerik\/iletisim\/","title":{"rendered":"\u0130leti\u015fim"},"content":{"rendered":"\n<p>\u0130leti\u015fim bilgilerine a\u015fa\u011f\u0131dan ula\u015fabilirsiniz.<\/p>\n\n\n\n<p><strong>Adres:<\/strong> Cebike Mahallesi, D\u00fc\u011f\u00fcnyurdu 17. SK No:A10 Kap\u0131 No:1AA\/6,<br>Hatay \/ \u0130skenderun<\/p>\n\n\n\n<p><strong>WhatsApp: <\/strong><a href=\"https:\/\/wa.me\/backlink\" target=\"_blank\" data-schema-attribute=\"about\" rel=\"noreferrer noopener\">wa.me\/backlink<\/a><\/p>\n\n\n\n<p><strong>Telefon: <\/strong>+90 501 374 1154<\/p>\n\n\n\n<p><strong>Mail: <\/strong>work@backlinkdanismani.com<\/p>\n\n\n\n<p>T\u00fcm soru ve sorunlar i\u00e7in b\u00fcy\u00fck bir \u00f6z veriyle \u00e7al\u0131\u015fmaktay\u0131z. G\u00f6nderilen t\u00fcm postalara 4 hafta i\u00e7erisinde verece\u011fiz.<\/p>\n\n\n\n<p><a href=\"https:\/\/backlinkdanismani.com\/icerik\/hakkimizda\/\">Hakk\u0131m\u0131zda <\/a>sayfam\u0131za g\u00f6z at\u0131n.<\/p>\n","protected":false},"excerpt":{"rendered":"<p>\u0130leti\u015fim bilgilerine a\u015fa\u011f\u0131dan ula\u015fabilirsiniz. Adres: Cebike Mahallesi, D\u00fc\u011f\u00fcnyurdu 17. SK No:A10 Kap\u0131 No:1AA\/6,Hatay \/ \u0130skenderun WhatsApp: wa.me\/backlink Telefon: +90 501 374 1154 Mail: work@backlinkdanismani.com T\u00fcm soru ve sorunlar i\u00e7in b\u00fcy\u00fck bir \u00f6z veriyle \u00e7al\u0131\u015fmaktay\u0131z. G\u00f6nderilen t\u00fcm postalara 4 hafta i\u00e7erisinde verece\u011fiz. Hakk\u0131m\u0131zda sayfam\u0131za g\u00f6z at\u0131n.<\/p>\n","protected":false},"author":1,"featured_media":0,"parent":0,"menu_order":0,"comment_status":"closed","ping_status":"closed","template":"","meta":{"footnotes":""},"class_list":["post-17","page","type-page","status-publish"],"_links":{"self":[{"href":"https:\/\/backlinkdanismani.com\/icerik\/wp-json\/wp\/v2\/pages\/17","targetHints":{"allow":["GET"]}}],"collection":[{"href":"https:\/\/backlinkdanismani.com\/icerik\/wp-json\/wp\/v2\/pages"}],"about":[{"href":"https:\/\/backlinkdanismani.com\/icerik\/wp-json\/wp\/v2\/types\/page"}],"author":[{"embeddable":true,"href":"https:\/\/backlinkdanismani.com\/icerik\/wp-json\/wp\/v2\/users\/1"}],"replies":[{"embeddable":true,"href":"https:\/\/backlinkdanismani.com\/icerik\/wp-json\/wp\/v2\/comments?post=17"}],"version-history":[{"count":2,"href":"https:\/\/backlinkdanismani.com\/icerik\/wp-json\/wp\/v2\/pages\/17\/revisions"}],"predecessor-version":[{"id":21,"href":"https:\/\/backlinkdanismani.com\/icerik\/wp-json\/wp\/v2\/pages\/17\/revisions\/21"}],"wp:attachment":[{"href":"https:\/\/backlinkdanismani.com\/icerik\/wp-json\/wp\/v2\/media?parent=17"}],"curies":[{"name":"wp","href":"https:\/\/api.w.org\/{rel}","templated":true}]}}