{"id":14,"date":"2024-11-26T16:23:34","date_gmt":"2024-11-26T13:23:34","guid":{"rendered":"https:\/\/backlinkdanismani.com\/icerik\/?page_id=14"},"modified":"2024-11-26T16:41:00","modified_gmt":"2024-11-26T13:41:00","slug":"hakkimizda","status":"publish","type":"page","link":"https:\/\/backlinkdanismani.com\/icerik\/hakkimizda\/","title":{"rendered":"Hakk\u0131m\u0131zda"},"content":{"rendered":"\n<p>Backlink Dan\u0131\u015fman\u0131 olarak SEO\u2019ya yeni bir katk\u0131 sunabilmek en b\u00fcy\u00fck \u00f6nceli\u011fimiz. Binlerce m\u00fc\u015fterimize binlerce kez hizmet sunduk! Bir \u00e7o\u011fu ile mutlu bir \u015fekilde ayr\u0131ld\u0131k. \u015eimdi SEO\u2019da daha fazla neler yap\u0131labilir? Bunu t\u00fcm m\u00fc\u015fterilerimize g\u00f6sterebilmek en b\u00fcy\u00fck \u00f6nceli\u011fimiz haline geldi!<\/p>\n\n\n\n<p>Backlink Dan\u0131\u015fman\u0131, <a href=\"https:\/\/backlinkdanismani.com\/\">backlinkdanismani.com<\/a> ad\u0131 alt\u0131nda SEO, backlink, WordPress optimizasyon ve SEO dan\u0131\u015fmanl\u0131\u011f\u0131 gibi b\u00fcy\u00fck \u00f6l\u00e7ekli t\u00fcm hizmetler i\u00e7in m\u00fc\u015fterilerine destek olur. SEO\u2019ya dair t\u00fcm sekt\u00f6rlerde faaliyet g\u00f6sterirken ayn\u0131 zamanda blog i\u00e7erikleri ile birlikte ziyaret\u00e7ilerine g\u00fcncel bilgiyi sunabilmeyi de ama\u00e7lam\u0131\u015ft\u0131r.<\/p>\n\n\n\n<h2 class=\"wp-block-heading\">Her \u015feyin Oda\u011f\u0131 \u0130nsanl\u0131k!<\/h2>\n\n\n\n<p>Gelmi\u015f, ge\u00e7mi\u015f ve gelecek\u2026 Her \u015feyin tek oda\u011f\u0131 daha fazla insan olabilmek! Herkese yard\u0131mc\u0131 olabilmek ve beklentileri kar\u015f\u0131layabilmek. Yeni deneyimler yaratmak \u00fczerine hep \u00e7al\u0131\u015ft\u0131k. Bu blog sayfam\u0131z \u00fczerinde de insanl\u0131\u011f\u0131n beklentisini kar\u015f\u0131layabilmek i\u00e7in daha fazla insan olmak istedik.<\/p>\n\n\n\n<p>Biz, Backlink Dan\u0131\u015fman\u0131 olarak Backlink Dan\u0131\u015fman\u0131 3.0 k\u00fclt\u00fcr\u00fcyle \u00e7al\u0131\u015f\u0131r\u0131z. 2020 y\u0131l\u0131ndan bu yana t\u00fcm herkese hizmet vizyonuyla ilerleyi\u015f g\u00f6steririz. Topluma fayda sa\u011flayabilmek \u00f6nceli\u011fimizdir.<\/p>\n\n\n\n<h3 class=\"wp-block-heading\">Bizler ve Markalar<\/h3>\n\n\n\n<p>D\u00fcnya\u2019daki en de\u011ferli markalar\u0131 tan\u0131tmak, onlarla i\u015f birli\u011fi yapmak ve bir yerlerde daha fazla topluma katk\u0131 sunabilmek bizim i\u00e7in bir g\u00f6revdir. DNA\u2019m\u0131zda hep fayda var!<\/p>\n\n\n\n<p><a href=\"https:\/\/backlinkdanismani.com\/icerik\/iletisim\/\">\u0130leti\u015fim<\/a> sayfam\u0131za g\u00f6z at\u0131n.<\/p>\n\n\n\n<p><\/p>\n","protected":false},"excerpt":{"rendered":"<p>Backlink Dan\u0131\u015fman\u0131 olarak SEO\u2019ya yeni bir katk\u0131 sunabilmek en b\u00fcy\u00fck \u00f6nceli\u011fimiz. Binlerce m\u00fc\u015fterimize binlerce kez hizmet sunduk! Bir \u00e7o\u011fu ile mutlu bir \u015fekilde ayr\u0131ld\u0131k. \u015eimdi SEO\u2019da daha fazla neler yap\u0131labilir? Bunu t\u00fcm m\u00fc\u015fterilerimize g\u00f6sterebilmek en b\u00fcy\u00fck \u00f6nceli\u011fimiz haline geldi! Backlink Dan\u0131\u015fman\u0131, backlinkdanismani.com ad\u0131 alt\u0131nda SEO, backlink, WordPress optimizasyon ve SEO dan\u0131\u015fmanl\u0131\u011f\u0131 gibi b\u00fcy\u00fck \u00f6l\u00e7ekli t\u00fcm<\/p>\n","protected":false},"author":1,"featured_media":0,"parent":0,"menu_order":0,"comment_status":"closed","ping_status":"closed","template":"","meta":{"footnotes":""},"class_list":["post-14","page","type-page","status-publish"],"_links":{"self":[{"href":"https:\/\/backlinkdanismani.com\/icerik\/wp-json\/wp\/v2\/pages\/14","targetHints":{"allow":["GET"]}}],"collection":[{"href":"https:\/\/backlinkdanismani.com\/icerik\/wp-json\/wp\/v2\/pages"}],"about":[{"href":"https:\/\/backlinkdanismani.com\/icerik\/wp-json\/wp\/v2\/types\/page"}],"author":[{"embeddable":true,"href":"https:\/\/backlinkdanismani.com\/icerik\/wp-json\/wp\/v2\/users\/1"}],"replies":[{"embeddable":true,"href":"https:\/\/backlinkdanismani.com\/icerik\/wp-json\/wp\/v2\/comments?post=14"}],"version-history":[{"count":2,"href":"https:\/\/backlinkdanismani.com\/icerik\/wp-json\/wp\/v2\/pages\/14\/revisions"}],"predecessor-version":[{"id":22,"href":"https:\/\/backlinkdanismani.com\/icerik\/wp-json\/wp\/v2\/pages\/14\/revisions\/22"}],"wp:attachment":[{"href":"https:\/\/backlinkdanismani.com\/icerik\/wp-json\/wp\/v2\/media?parent=14"}],"curies":[{"name":"wp","href":"https:\/\/api.w.org\/{rel}","templated":true}]}}